{"id":7512,"date":"2025-12-12T01:11:00","date_gmt":"2025-12-12T00:11:00","guid":{"rendered":"https:\/\/www.lucieradeau.com\/?page_id=7512"},"modified":"2025-12-12T01:17:28","modified_gmt":"2025-12-12T00:17:28","slug":"poli","status":"publish","type":"page","link":"https:\/\/www.lucieradeau.com\/en\/poli\/","title":{"rendered":"Poli"},"content":{"rendered":"<div data-elementor-type=\"wp-page\" data-elementor-id=\"7512\" class=\"elementor elementor-7512\">\n\t\t\t\t<div class=\"elementor-element elementor-element-821c308 e-flex e-con-boxed wpr-particle-no wpr-jarallax-no wpr-parallax-no wpr-sticky-section-no e-con e-parent\" data-id=\"821c308\" data-element_type=\"container\" data-e-type=\"container\">\n\t\t\t\t\t<div class=\"e-con-inner\">\n\t\t<div class=\"elementor-element elementor-element-cbe692c e-con-full e-flex wpr-particle-no wpr-jarallax-no wpr-parallax-no wpr-sticky-section-no e-con e-child\" data-id=\"cbe692c\" data-element_type=\"container\" data-e-type=\"container\">\n\t\t\t\t<div class=\"elementor-element elementor-element-e02be15 elementor-widget elementor-widget-heading\" data-id=\"e02be15\" data-element_type=\"widget\" data-e-type=\"widget\" data-widget_type=\"heading.default\">\n\t\t\t\t<div class=\"elementor-widget-container\">\n\t\t\t\t\t<h2 class=\"elementor-heading-title elementor-size-default\">POLITIQUE DE CONFIDENTIALIT\u00c9<\/h2>\t\t\t\t<\/div>\n\t\t\t\t<\/div>\n\t\t\t\t<div class=\"elementor-element elementor-element-d52f55d elementor-widget elementor-widget-text-editor\" data-id=\"d52f55d\" data-element_type=\"widget\" data-e-type=\"widget\" data-widget_type=\"text-editor.default\">\n\t\t\t\t<div class=\"elementor-widget-container\">\n\t\t\t\t\t\t\t\t\t<p><em>Derni\u00e8re mise \u00e0 jour : 12\/12\/2025<\/em><\/p>\t\t\t\t\t\t\t\t<\/div>\n\t\t\t\t<\/div>\n\t\t\t\t<\/div>\n\t\t\t\t\t<\/div>\n\t\t\t\t<\/div>\n\t\t<div class=\"elementor-element elementor-element-fe127c8 e-flex e-con-boxed wpr-particle-no wpr-jarallax-no wpr-parallax-no wpr-sticky-section-no e-con e-parent\" data-id=\"fe127c8\" data-element_type=\"container\" data-e-type=\"container\">\n\t\t\t\t\t<div class=\"e-con-inner\">\n\t\t<div class=\"elementor-element elementor-element-f62f46a e-con-full e-flex wpr-particle-no wpr-jarallax-no wpr-parallax-no wpr-sticky-section-no e-con e-child\" data-id=\"f62f46a\" data-element_type=\"container\" data-e-type=\"container\">\n\t\t\t\t<div class=\"elementor-element elementor-element-e53b7dd elementor-widget elementor-widget-text-editor\" data-id=\"e53b7dd\" data-element_type=\"widget\" data-e-type=\"widget\" data-widget_type=\"text-editor.default\">\n\t\t\t\t<div class=\"elementor-widget-container\">\n\t\t\t\t\t\t\t\t\t<h3 data-start=\"412\" data-end=\"449\"><strong data-start=\"415\" data-end=\"447\">1. Responsable du traitement<\/strong><\/h3><p data-start=\"450\" data-end=\"560\">Lucie Radeau<br data-start=\"462\" data-end=\"465\" \/>Micro-entreprise \u2013 Designer graphique &amp; Directrice artistique<br data-start=\"526\" data-end=\"529\" \/>Email : <a class=\"decorated-link cursor-pointer\" href=\"mailto:contact@lucieradeau.com\" rel=\"noopener\" data-start=\"537\" data-end=\"560\">contact@lucieradeau.com<\/a><\/p>\t\t\t\t\t\t\t\t<\/div>\n\t\t\t\t<\/div>\n\t\t\t\t<div class=\"elementor-element elementor-element-9a111d1 elementor-widget-divider--view-line elementor-widget elementor-widget-divider\" data-id=\"9a111d1\" data-element_type=\"widget\" data-e-type=\"widget\" data-widget_type=\"divider.default\">\n\t\t\t\t<div class=\"elementor-widget-container\">\n\t\t\t\t\t\t\t<div class=\"elementor-divider\">\n\t\t\t<span class=\"elementor-divider-separator\">\n\t\t\t\t\t\t<\/span>\n\t\t<\/div>\n\t\t\t\t\t\t<\/div>\n\t\t\t\t<\/div>\n\t\t\t\t<\/div>\n\t\t<div class=\"elementor-element elementor-element-61104e3 e-con-full e-flex wpr-particle-no wpr-jarallax-no wpr-parallax-no wpr-sticky-section-no e-con e-child\" data-id=\"61104e3\" data-element_type=\"container\" data-e-type=\"container\">\n\t\t\t\t<div class=\"elementor-element elementor-element-d83a344 elementor-widget elementor-widget-text-editor\" data-id=\"d83a344\" data-element_type=\"widget\" data-e-type=\"widget\" data-widget_type=\"text-editor.default\">\n\t\t\t\t<div class=\"elementor-widget-container\">\n\t\t\t\t\t\t\t\t\t<h3 data-start=\"567\" data-end=\"595\"><strong data-start=\"570\" data-end=\"595\">2. Donn\u00e9es collect\u00e9es<\/strong><\/h3><p data-start=\"596\" data-end=\"709\">Je collecte uniquement les donn\u00e9es suivantes lorsque vous me contactez via le formulaire du site ou par email :<\/p><ul data-start=\"710\" data-end=\"865\"><li data-start=\"710\" data-end=\"727\"><p data-start=\"712\" data-end=\"727\">Nom et pr\u00e9nom<\/p><\/li><li data-start=\"728\" data-end=\"745\"><p data-start=\"730\" data-end=\"745\">Adresse email<\/p><\/li><li data-start=\"746\" data-end=\"799\"><p data-start=\"748\" data-end=\"799\">Message \/ informations fournies par l\u2019utilisateur<\/p><\/li><li data-start=\"800\" data-end=\"865\"><p data-start=\"802\" data-end=\"865\">\u00c9ventuellement : nom de soci\u00e9t\u00e9 ou informations li\u00e9es au projet<\/p><\/li><\/ul><p data-start=\"867\" data-end=\"988\">Je ne collecte <strong data-start=\"882\" data-end=\"908\">aucune donn\u00e9e sensible<\/strong>, <strong data-start=\"910\" data-end=\"936\">aucun cookie marketing<\/strong>, et je n\u2019effectue <strong data-start=\"955\" data-end=\"987\">pas de tracking publicitaire<\/strong>.<\/p>\t\t\t\t\t\t\t\t<\/div>\n\t\t\t\t<\/div>\n\t\t\t\t<div class=\"elementor-element elementor-element-69bd5da elementor-widget-divider--view-line elementor-widget elementor-widget-divider\" data-id=\"69bd5da\" data-element_type=\"widget\" data-e-type=\"widget\" data-widget_type=\"divider.default\">\n\t\t\t\t<div class=\"elementor-widget-container\">\n\t\t\t\t\t\t\t<div class=\"elementor-divider\">\n\t\t\t<span class=\"elementor-divider-separator\">\n\t\t\t\t\t\t<\/span>\n\t\t<\/div>\n\t\t\t\t\t\t<\/div>\n\t\t\t\t<\/div>\n\t\t\t\t<\/div>\n\t\t<div class=\"elementor-element elementor-element-e55634a e-con-full e-flex wpr-particle-no wpr-jarallax-no wpr-parallax-no wpr-sticky-section-no e-con e-child\" data-id=\"e55634a\" data-element_type=\"container\" data-e-type=\"container\">\n\t\t\t\t<div class=\"elementor-element elementor-element-9a12062 elementor-widget elementor-widget-text-editor\" data-id=\"9a12062\" data-element_type=\"widget\" data-e-type=\"widget\" data-widget_type=\"text-editor.default\">\n\t\t\t\t<div class=\"elementor-widget-container\">\n\t\t\t\t\t\t\t\t\t<h3 data-start=\"995\" data-end=\"1030\"><strong data-start=\"998\" data-end=\"1028\">3. Finalit\u00e9 de la collecte<\/strong><\/h3><p data-start=\"1031\" data-end=\"1082\">Ces informations sont utilis\u00e9es uniquement pour :<\/p><ul data-start=\"1083\" data-end=\"1221\"><li data-start=\"1083\" data-end=\"1123\"><p data-start=\"1085\" data-end=\"1123\">r\u00e9pondre \u00e0 votre demande de contact,<\/p><\/li><li data-start=\"1124\" data-end=\"1145\"><p data-start=\"1126\" data-end=\"1145\">\u00e9tablir un devis,<\/p><\/li><li data-start=\"1146\" data-end=\"1181\"><p data-start=\"1148\" data-end=\"1181\">assurer le suivi de prestation,<\/p><\/li><li data-start=\"1182\" data-end=\"1221\"><p data-start=\"1184\" data-end=\"1221\">tenir une comptabilit\u00e9 (facturation).<\/p><\/li><\/ul>\t\t\t\t\t\t\t\t<\/div>\n\t\t\t\t<\/div>\n\t\t\t\t<div class=\"elementor-element elementor-element-f8e1e10 elementor-widget-divider--view-line elementor-widget elementor-widget-divider\" data-id=\"f8e1e10\" data-element_type=\"widget\" data-e-type=\"widget\" data-widget_type=\"divider.default\">\n\t\t\t\t<div class=\"elementor-widget-container\">\n\t\t\t\t\t\t\t<div class=\"elementor-divider\">\n\t\t\t<span class=\"elementor-divider-separator\">\n\t\t\t\t\t\t<\/span>\n\t\t<\/div>\n\t\t\t\t\t\t<\/div>\n\t\t\t\t<\/div>\n\t\t\t\t<\/div>\n\t\t<div class=\"elementor-element elementor-element-5ef8b67 e-con-full e-flex wpr-particle-no wpr-jarallax-no wpr-parallax-no wpr-sticky-section-no e-con e-child\" data-id=\"5ef8b67\" data-element_type=\"container\" data-e-type=\"container\">\n\t\t\t\t<div class=\"elementor-element elementor-element-72fa45a elementor-widget elementor-widget-text-editor\" data-id=\"72fa45a\" data-element_type=\"widget\" data-e-type=\"widget\" data-widget_type=\"text-editor.default\">\n\t\t\t\t<div class=\"elementor-widget-container\">\n\t\t\t\t\t\t\t\t\t<h3 data-start=\"1228\" data-end=\"1267\"><strong data-start=\"1231\" data-end=\"1265\">4. Bases l\u00e9gales du traitement<\/strong><\/h3><p data-start=\"1268\" data-end=\"1315\">Selon le RGPD, ces traitements reposent sur :<\/p><ul data-start=\"1316\" data-end=\"1529\"><li data-start=\"1316\" data-end=\"1376\"><p data-start=\"1318\" data-end=\"1376\"><strong data-start=\"1318\" data-end=\"1340\">L\u2019int\u00e9r\u00eat l\u00e9gitime<\/strong> : gestion des demandes entrantes.<\/p><\/li><li data-start=\"1377\" data-end=\"1456\"><p data-start=\"1379\" data-end=\"1456\"><strong data-start=\"1379\" data-end=\"1407\">L\u2019ex\u00e9cution d\u2019un contrat<\/strong> : devis, factures, r\u00e9alisation de prestations.<\/p><\/li><li data-start=\"1457\" data-end=\"1529\"><p data-start=\"1459\" data-end=\"1529\"><strong data-start=\"1459\" data-end=\"1480\">Obligation l\u00e9gale<\/strong> : obligations comptables et fiscales fran\u00e7aises.<\/p><\/li><\/ul>\t\t\t\t\t\t\t\t<\/div>\n\t\t\t\t<\/div>\n\t\t\t\t<div class=\"elementor-element elementor-element-ff7bffa elementor-widget-divider--view-line elementor-widget elementor-widget-divider\" data-id=\"ff7bffa\" data-element_type=\"widget\" data-e-type=\"widget\" data-widget_type=\"divider.default\">\n\t\t\t\t<div class=\"elementor-widget-container\">\n\t\t\t\t\t\t\t<div class=\"elementor-divider\">\n\t\t\t<span class=\"elementor-divider-separator\">\n\t\t\t\t\t\t<\/span>\n\t\t<\/div>\n\t\t\t\t\t\t<\/div>\n\t\t\t\t<\/div>\n\t\t\t\t<\/div>\n\t\t<div class=\"elementor-element elementor-element-dac624a e-con-full e-flex wpr-particle-no wpr-jarallax-no wpr-parallax-no wpr-sticky-section-no e-con e-child\" data-id=\"dac624a\" data-element_type=\"container\" data-e-type=\"container\">\n\t\t\t\t<div class=\"elementor-element elementor-element-8064374 elementor-widget elementor-widget-text-editor\" data-id=\"8064374\" data-element_type=\"widget\" data-e-type=\"widget\" data-widget_type=\"text-editor.default\">\n\t\t\t\t<div class=\"elementor-widget-container\">\n\t\t\t\t\t\t\t\t\t<h3 data-start=\"1536\" data-end=\"1573\"><strong data-start=\"1539\" data-end=\"1571\">5. Destinataires des donn\u00e9es<\/strong><\/h3><p data-start=\"1574\" data-end=\"1617\">Les donn\u00e9es sont uniquement destin\u00e9es \u00e0 :<\/p><ul data-start=\"1618\" data-end=\"1710\"><li data-start=\"1618\" data-end=\"1662\"><p data-start=\"1620\" data-end=\"1662\">Lucie Radeau (responsable du traitement)<\/p><\/li><li data-start=\"1663\" data-end=\"1710\"><p data-start=\"1665\" data-end=\"1710\">Mon outil d\u2019h\u00e9bergement et d\u2019emailing (IONOS)<\/p><\/li><\/ul><p data-start=\"1712\" data-end=\"1772\">Aucune donn\u00e9e n\u2019est vendue, lou\u00e9e ou transf\u00e9r\u00e9e \u00e0 des tiers.<\/p>\t\t\t\t\t\t\t\t<\/div>\n\t\t\t\t<\/div>\n\t\t\t\t<div class=\"elementor-element elementor-element-1128921 elementor-widget-divider--view-line elementor-widget elementor-widget-divider\" data-id=\"1128921\" data-element_type=\"widget\" data-e-type=\"widget\" data-widget_type=\"divider.default\">\n\t\t\t\t<div class=\"elementor-widget-container\">\n\t\t\t\t\t\t\t<div class=\"elementor-divider\">\n\t\t\t<span class=\"elementor-divider-separator\">\n\t\t\t\t\t\t<\/span>\n\t\t<\/div>\n\t\t\t\t\t\t<\/div>\n\t\t\t\t<\/div>\n\t\t\t\t<\/div>\n\t\t<div class=\"elementor-element elementor-element-5f941a2 e-con-full e-flex wpr-particle-no wpr-jarallax-no wpr-parallax-no wpr-sticky-section-no e-con e-child\" data-id=\"5f941a2\" data-element_type=\"container\" data-e-type=\"container\">\n\t\t\t\t<div class=\"elementor-element elementor-element-e67fd85 elementor-widget elementor-widget-text-editor\" data-id=\"e67fd85\" data-element_type=\"widget\" data-e-type=\"widget\" data-widget_type=\"text-editor.default\">\n\t\t\t\t<div class=\"elementor-widget-container\">\n\t\t\t\t\t\t\t\t\t<h3 data-start=\"1779\" data-end=\"1812\"><strong data-start=\"1782\" data-end=\"1810\">6. Dur\u00e9e de conservation<\/strong><\/h3><ul data-start=\"1813\" data-end=\"1947\"><li data-start=\"1813\" data-end=\"1850\"><p data-start=\"1815\" data-end=\"1850\"><strong data-start=\"1815\" data-end=\"1838\">Demandes de contact<\/strong> : 12 mois<\/p><\/li><li data-start=\"1851\" data-end=\"1947\"><p data-start=\"1853\" data-end=\"1947\"><strong data-start=\"1853\" data-end=\"1915\">Donn\u00e9es clients (devis, factures, \u00e9changes professionnels)<\/strong> : 10 ans (obligation comptable)<\/p><\/li><\/ul>\t\t\t\t\t\t\t\t<\/div>\n\t\t\t\t<\/div>\n\t\t\t\t<div class=\"elementor-element elementor-element-7b43058 elementor-widget-divider--view-line elementor-widget elementor-widget-divider\" data-id=\"7b43058\" data-element_type=\"widget\" data-e-type=\"widget\" data-widget_type=\"divider.default\">\n\t\t\t\t<div class=\"elementor-widget-container\">\n\t\t\t\t\t\t\t<div class=\"elementor-divider\">\n\t\t\t<span class=\"elementor-divider-separator\">\n\t\t\t\t\t\t<\/span>\n\t\t<\/div>\n\t\t\t\t\t\t<\/div>\n\t\t\t\t<\/div>\n\t\t\t\t<\/div>\n\t\t<div class=\"elementor-element elementor-element-9cc5ad3 e-con-full e-flex wpr-particle-no wpr-jarallax-no wpr-parallax-no wpr-sticky-section-no e-con e-child\" data-id=\"9cc5ad3\" data-element_type=\"container\" data-e-type=\"container\">\n\t\t\t\t<div class=\"elementor-element elementor-element-f297389 elementor-widget elementor-widget-text-editor\" data-id=\"f297389\" data-element_type=\"widget\" data-e-type=\"widget\" data-widget_type=\"text-editor.default\">\n\t\t\t\t<div class=\"elementor-widget-container\">\n\t\t\t\t\t\t\t\t\t<h3 data-start=\"1954\" data-end=\"1974\"><strong data-start=\"1957\" data-end=\"1972\">7. S\u00e9curit\u00e9<\/strong><\/h3><p data-start=\"1975\" data-end=\"2056\">Je mets en \u0153uvre les mesures techniques n\u00e9cessaires pour prot\u00e9ger vos donn\u00e9es :<\/p><ul data-start=\"2057\" data-end=\"2138\"><li data-start=\"2057\" data-end=\"2091\"><p data-start=\"2059\" data-end=\"2091\">H\u00e9bergement s\u00e9curis\u00e9 par IONOS<\/p><\/li><li data-start=\"2092\" data-end=\"2110\"><p data-start=\"2094\" data-end=\"2110\">Acc\u00e8s prot\u00e9g\u00e9s<\/p><\/li><li data-start=\"2111\" data-end=\"2138\"><p data-start=\"2113\" data-end=\"2138\">Chiffrement HTTPS du site<\/p><\/li><\/ul>\t\t\t\t\t\t\t\t<\/div>\n\t\t\t\t<\/div>\n\t\t\t\t<div class=\"elementor-element elementor-element-ff48fd2 elementor-widget-divider--view-line elementor-widget elementor-widget-divider\" data-id=\"ff48fd2\" data-element_type=\"widget\" data-e-type=\"widget\" data-widget_type=\"divider.default\">\n\t\t\t\t<div class=\"elementor-widget-container\">\n\t\t\t\t\t\t\t<div class=\"elementor-divider\">\n\t\t\t<span class=\"elementor-divider-separator\">\n\t\t\t\t\t\t<\/span>\n\t\t<\/div>\n\t\t\t\t\t\t<\/div>\n\t\t\t\t<\/div>\n\t\t\t\t<\/div>\n\t\t<div class=\"elementor-element elementor-element-1d918fb e-con-full e-flex wpr-particle-no wpr-jarallax-no wpr-parallax-no wpr-sticky-section-no e-con e-child\" data-id=\"1d918fb\" data-element_type=\"container\" data-e-type=\"container\">\n\t\t\t\t<div class=\"elementor-element elementor-element-2edb501 elementor-widget elementor-widget-text-editor\" data-id=\"2edb501\" data-element_type=\"widget\" data-e-type=\"widget\" data-widget_type=\"text-editor.default\">\n\t\t\t\t<div class=\"elementor-widget-container\">\n\t\t\t\t\t\t\t\t\t<h3 data-start=\"2145\" data-end=\"2174\"><strong data-start=\"2148\" data-end=\"2172\">8. Vos droits (RGPD)<\/strong><\/h3><p data-start=\"2175\" data-end=\"2212\">Vous disposez des droits suivants :<\/p><ul data-start=\"2213\" data-end=\"2368\"><li data-start=\"2213\" data-end=\"2230\"><p data-start=\"2215\" data-end=\"2230\">Droit d\u2019acc\u00e8s<\/p><\/li><li data-start=\"2231\" data-end=\"2257\"><p data-start=\"2233\" data-end=\"2257\">Droit de rectification<\/p><\/li><li data-start=\"2258\" data-end=\"2280\"><p data-start=\"2260\" data-end=\"2280\">Droit d\u2019effacement<\/p><\/li><li data-start=\"2281\" data-end=\"2303\"><p data-start=\"2283\" data-end=\"2303\">Droit d\u2019opposition<\/p><\/li><li data-start=\"2304\" data-end=\"2343\"><p data-start=\"2306\" data-end=\"2343\">Droit \u00e0 la limitation du traitement<\/p><\/li><li data-start=\"2344\" data-end=\"2368\"><p data-start=\"2346\" data-end=\"2368\">Droit \u00e0 la portabilit\u00e9<\/p><\/li><\/ul><p data-start=\"2370\" data-end=\"2456\">Pour exercer vos droits, vous pouvez me contacter \u00e0 :<br data-start=\"2423\" data-end=\"2426\" \/>\ud83d\udce7 <strong data-start=\"2429\" data-end=\"2456\"><a class=\"decorated-link cursor-pointer\" href=\"mailto:contact@lucieradeau.com\" rel=\"noopener\" data-start=\"2431\" data-end=\"2454\">contact@lucieradeau.com<\/a><\/strong><\/p>\t\t\t\t\t\t\t\t<\/div>\n\t\t\t\t<\/div>\n\t\t\t\t<div class=\"elementor-element elementor-element-a583b32 elementor-widget-divider--view-line elementor-widget elementor-widget-divider\" data-id=\"a583b32\" data-element_type=\"widget\" data-e-type=\"widget\" data-widget_type=\"divider.default\">\n\t\t\t\t<div class=\"elementor-widget-container\">\n\t\t\t\t\t\t\t<div class=\"elementor-divider\">\n\t\t\t<span class=\"elementor-divider-separator\">\n\t\t\t\t\t\t<\/span>\n\t\t<\/div>\n\t\t\t\t\t\t<\/div>\n\t\t\t\t<\/div>\n\t\t\t\t<\/div>\n\t\t<div class=\"elementor-element elementor-element-7afbb1d e-con-full e-flex wpr-particle-no wpr-jarallax-no wpr-parallax-no wpr-sticky-section-no e-con e-child\" data-id=\"7afbb1d\" data-element_type=\"container\" data-e-type=\"container\">\n\t\t\t\t<div class=\"elementor-element elementor-element-366a90f elementor-widget elementor-widget-text-editor\" data-id=\"366a90f\" data-element_type=\"widget\" data-e-type=\"widget\" data-widget_type=\"text-editor.default\">\n\t\t\t\t<div class=\"elementor-widget-container\">\n\t\t\t\t\t\t\t\t\t<h3 data-start=\"2463\" data-end=\"2482\"><strong data-start=\"2466\" data-end=\"2480\">9. Cookies<\/strong><\/h3><p data-start=\"2483\" data-end=\"2514\">Mon site utilise uniquement :<\/p><ul data-start=\"2515\" data-end=\"2615\"><li data-start=\"2515\" data-end=\"2615\"><p data-start=\"2517\" data-end=\"2615\">des <strong data-start=\"2521\" data-end=\"2543\">cookies techniques<\/strong> n\u00e9cessaires \u00e0 son fonctionnement (h\u00e9bergement, s\u00e9curit\u00e9, navigation).<\/p><\/li><\/ul><p data-start=\"2617\" data-end=\"2703\">Aucun cookie publicitaire, statistique ou de tracking n\u2019est utilis\u00e9 sans consentement.<\/p>\t\t\t\t\t\t\t\t<\/div>\n\t\t\t\t<\/div>\n\t\t\t\t<div class=\"elementor-element elementor-element-95a141b elementor-widget-divider--view-line elementor-widget elementor-widget-divider\" data-id=\"95a141b\" data-element_type=\"widget\" data-e-type=\"widget\" data-widget_type=\"divider.default\">\n\t\t\t\t<div class=\"elementor-widget-container\">\n\t\t\t\t\t\t\t<div class=\"elementor-divider\">\n\t\t\t<span class=\"elementor-divider-separator\">\n\t\t\t\t\t\t<\/span>\n\t\t<\/div>\n\t\t\t\t\t\t<\/div>\n\t\t\t\t<\/div>\n\t\t\t\t<\/div>\n\t\t<div class=\"elementor-element elementor-element-23eaf38 e-con-full e-flex wpr-particle-no wpr-jarallax-no wpr-parallax-no wpr-sticky-section-no e-con e-child\" data-id=\"23eaf38\" data-element_type=\"container\" data-e-type=\"container\">\n\t\t\t\t<div class=\"elementor-element elementor-element-24d200e elementor-widget elementor-widget-text-editor\" data-id=\"24d200e\" data-element_type=\"widget\" data-e-type=\"widget\" data-widget_type=\"text-editor.default\">\n\t\t\t\t<div class=\"elementor-widget-container\">\n\t\t\t\t\t\t\t\t\t<h3 data-start=\"2710\" data-end=\"2734\"><strong data-start=\"2713\" data-end=\"2732\">10. H\u00e9bergement<\/strong><\/h3><p data-start=\"2735\" data-end=\"2831\">Mon site est h\u00e9berg\u00e9 chez :<br data-start=\"2762\" data-end=\"2765\" \/><strong data-start=\"2765\" data-end=\"2779\">IONOS SARL<\/strong><br data-start=\"2779\" data-end=\"2782\" \/>7 place de la Gare \u2013 57200 Sarreguemines \u2013 France<\/p>\t\t\t\t\t\t\t\t<\/div>\n\t\t\t\t<\/div>\n\t\t\t\t<div class=\"elementor-element elementor-element-b0c8576 elementor-widget-divider--view-line elementor-widget elementor-widget-divider\" data-id=\"b0c8576\" data-element_type=\"widget\" data-e-type=\"widget\" data-widget_type=\"divider.default\">\n\t\t\t\t<div class=\"elementor-widget-container\">\n\t\t\t\t\t\t\t<div class=\"elementor-divider\">\n\t\t\t<span class=\"elementor-divider-separator\">\n\t\t\t\t\t\t<\/span>\n\t\t<\/div>\n\t\t\t\t\t\t<\/div>\n\t\t\t\t<\/div>\n\t\t\t\t<\/div>\n\t\t<div class=\"elementor-element elementor-element-ba50fcf e-con-full e-flex wpr-particle-no wpr-jarallax-no wpr-parallax-no wpr-sticky-section-no e-con e-child\" data-id=\"ba50fcf\" data-element_type=\"container\" data-e-type=\"container\">\n\t\t\t\t<div class=\"elementor-element elementor-element-7640237 elementor-widget elementor-widget-text-editor\" data-id=\"7640237\" data-element_type=\"widget\" data-e-type=\"widget\" data-widget_type=\"text-editor.default\">\n\t\t\t\t<div class=\"elementor-widget-container\">\n\t\t\t\t\t\t\t\t\t<h3 data-start=\"2838\" data-end=\"2882\"><strong data-start=\"2841\" data-end=\"2880\">11. Modification de cette politique<\/strong><\/h3><p data-start=\"2883\" data-end=\"2996\">Cette politique peut \u00eatre mise \u00e0 jour \u00e0 tout moment.<br data-start=\"2935\" data-end=\"2938\" \/>La date de derni\u00e8re mise \u00e0 jour figure en haut de la page.<\/p>\t\t\t\t\t\t\t\t<\/div>\n\t\t\t\t<\/div>\n\t\t\t\t<\/div>\n\t\t\t\t\t<\/div>\n\t\t\t\t<\/div>\n\t\t\t\t<\/div>","protected":false},"excerpt":{"rendered":"<p>POLITIQUE DE CONFIDENTIALIT\u00c9 Derni\u00e8re mise \u00e0 jour : 12\/12\/2025 1. Responsable du traitement Lucie RadeauMicro-entreprise \u2013 Designer graphique &amp; Directrice artistiqueEmail : contact@lucieradeau.com 2. Donn\u00e9es collect\u00e9es Je collecte uniquement les donn\u00e9es suivantes lorsque vous me contactez via le formulaire du site ou par email : Nom et pr\u00e9nom Adresse email Message \/ informations fournies par l\u2019utilisateur \u00c9ventuellement : nom de soci\u00e9t\u00e9 ou informations li\u00e9es au projet Je ne collecte aucune donn\u00e9e sensible, aucun cookie marketing, et je n\u2019effectue pas de tracking publicitaire. 3. Finalit\u00e9 de la collecte Ces informations sont utilis\u00e9es uniquement pour : r\u00e9pondre \u00e0 votre demande de contact, \u00e9tablir un devis, assurer le suivi de prestation, tenir une comptabilit\u00e9 (facturation). 4. Bases l\u00e9gales du traitement Selon le RGPD, ces traitements reposent sur : L\u2019int\u00e9r\u00eat l\u00e9gitime : gestion des demandes entrantes. L\u2019ex\u00e9cution d\u2019un contrat : devis, factures, r\u00e9alisation de prestations. Obligation l\u00e9gale : obligations comptables et fiscales fran\u00e7aises. 5. Destinataires des donn\u00e9es Les donn\u00e9es sont uniquement destin\u00e9es \u00e0 : Lucie Radeau (responsable du traitement) Mon outil d\u2019h\u00e9bergement et d\u2019emailing (IONOS) Aucune donn\u00e9e n\u2019est vendue, lou\u00e9e ou transf\u00e9r\u00e9e \u00e0 des tiers. 6. Dur\u00e9e de conservation Demandes de contact : 12 mois Donn\u00e9es clients (devis, factures, \u00e9changes professionnels) : 10 ans (obligation comptable) 7. S\u00e9curit\u00e9 Je mets en \u0153uvre les mesures techniques n\u00e9cessaires pour prot\u00e9ger vos donn\u00e9es : H\u00e9bergement s\u00e9curis\u00e9 par IONOS Acc\u00e8s prot\u00e9g\u00e9s Chiffrement HTTPS du site 8. Vos droits (RGPD) Vous disposez des droits suivants : Droit d\u2019acc\u00e8s Droit de rectification Droit d\u2019effacement Droit d\u2019opposition Droit \u00e0 la limitation du traitement Droit \u00e0 la portabilit\u00e9 Pour exercer vos droits, vous pouvez me contacter \u00e0 :\ud83d\udce7 contact@lucieradeau.com 9. Cookies Mon site utilise uniquement : des cookies techniques n\u00e9cessaires \u00e0 son fonctionnement (h\u00e9bergement, s\u00e9curit\u00e9, navigation). Aucun cookie publicitaire, statistique ou de tracking n\u2019est utilis\u00e9 sans consentement. 10. H\u00e9bergement Mon site est h\u00e9berg\u00e9 chez :IONOS SARL7 place de la Gare \u2013 57200 Sarreguemines \u2013 France 11. Modification de cette politique Cette politique peut \u00eatre mise \u00e0 jour \u00e0 tout moment.La date de derni\u00e8re mise \u00e0 jour figure en haut de la page.<\/p>","protected":false},"author":1,"featured_media":0,"parent":0,"menu_order":0,"comment_status":"closed","ping_status":"closed","template":"elementor_header_footer","meta":{"footnotes":""},"class_list":["post-7512","page","type-page","status-publish","hentry"],"blocksy_meta":[],"_links":{"self":[{"href":"https:\/\/www.lucieradeau.com\/en\/wp-json\/wp\/v2\/pages\/7512","targetHints":{"allow":["GET"]}}],"collection":[{"href":"https:\/\/www.lucieradeau.com\/en\/wp-json\/wp\/v2\/pages"}],"about":[{"href":"https:\/\/www.lucieradeau.com\/en\/wp-json\/wp\/v2\/types\/page"}],"author":[{"embeddable":true,"href":"https:\/\/www.lucieradeau.com\/en\/wp-json\/wp\/v2\/users\/1"}],"replies":[{"embeddable":true,"href":"https:\/\/www.lucieradeau.com\/en\/wp-json\/wp\/v2\/comments?post=7512"}],"version-history":[{"count":9,"href":"https:\/\/www.lucieradeau.com\/en\/wp-json\/wp\/v2\/pages\/7512\/revisions"}],"predecessor-version":[{"id":7525,"href":"https:\/\/www.lucieradeau.com\/en\/wp-json\/wp\/v2\/pages\/7512\/revisions\/7525"}],"wp:attachment":[{"href":"https:\/\/www.lucieradeau.com\/en\/wp-json\/wp\/v2\/media?parent=7512"}],"curies":[{"name":"wp","href":"https:\/\/api.w.org\/{rel}","templated":true}]}}