{"id":7501,"date":"2025-12-12T00:44:32","date_gmt":"2025-12-11T23:44:32","guid":{"rendered":"https:\/\/www.lucieradeau.com\/?page_id=7501"},"modified":"2025-12-12T01:10:51","modified_gmt":"2025-12-12T00:10:51","slug":"mentions-legales","status":"publish","type":"page","link":"https:\/\/www.lucieradeau.com\/en\/mentions-legales\/","title":{"rendered":"Legal information"},"content":{"rendered":"<div data-elementor-type=\"wp-page\" data-elementor-id=\"7501\" class=\"elementor elementor-7501\">\n\t\t\t\t<div class=\"elementor-element elementor-element-5f2b479 e-flex e-con-boxed wpr-particle-no wpr-jarallax-no wpr-parallax-no wpr-sticky-section-no e-con e-parent\" data-id=\"5f2b479\" data-element_type=\"container\" data-e-type=\"container\">\n\t\t\t\t\t<div class=\"e-con-inner\">\n\t\t<div class=\"elementor-element elementor-element-4321bec e-con-full e-flex wpr-particle-no wpr-jarallax-no wpr-parallax-no wpr-sticky-section-no e-con e-child\" data-id=\"4321bec\" data-element_type=\"container\" data-e-type=\"container\">\n\t\t\t\t<div class=\"elementor-element elementor-element-f7010fa elementor-widget elementor-widget-heading\" data-id=\"f7010fa\" data-element_type=\"widget\" data-e-type=\"widget\" data-widget_type=\"heading.default\">\n\t\t\t\t<div class=\"elementor-widget-container\">\n\t\t\t\t\t<h2 class=\"elementor-heading-title elementor-size-default\">Legal information<\/h2>\t\t\t\t<\/div>\n\t\t\t\t<\/div>\n\t\t\t\t<\/div>\n\t\t\t\t\t<\/div>\n\t\t\t\t<\/div>\n\t\t<div class=\"elementor-element elementor-element-d833020 e-flex e-con-boxed wpr-particle-no wpr-jarallax-no wpr-parallax-no wpr-sticky-section-no e-con e-parent\" data-id=\"d833020\" data-element_type=\"container\" data-e-type=\"container\">\n\t\t\t\t\t<div class=\"e-con-inner\">\n\t\t<div class=\"elementor-element elementor-element-9d9e872 e-con-full e-flex wpr-particle-no wpr-jarallax-no wpr-parallax-no wpr-sticky-section-no e-con e-child\" data-id=\"9d9e872\" data-element_type=\"container\" data-e-type=\"container\">\n\t\t\t\t<div class=\"elementor-element elementor-element-c6c1ffd elementor-widget elementor-widget-text-editor\" data-id=\"c6c1ffd\" data-element_type=\"widget\" data-e-type=\"widget\" data-widget_type=\"text-editor.default\">\n\t\t\t\t<div class=\"elementor-widget-container\">\n\t\t\t\t\t\t\t\t\t<h3 data-start=\"297\" data-end=\"322\"><strong data-start=\"300\" data-end=\"322\">1. \u00c9diteur du site<\/strong><\/h3><p data-start=\"324\" data-end=\"381\">Le pr\u00e9sent site <strong data-start=\"340\" data-end=\"363\"><a class=\"decorated-link\" href=\"http:\/\/www.lucieradeau.com\/en\/\" target=\"_new\" rel=\"noopener\" data-start=\"342\" data-end=\"361\">www.lucieradeau.com<\/a><\/strong> est \u00e9dit\u00e9 par :<\/p><p data-start=\"383\" data-end=\"615\"><strong data-start=\"383\" data-end=\"399\">Lucie Radeau<\/strong><br data-start=\"399\" data-end=\"402\" \/>Statut : <strong data-start=\"411\" data-end=\"469\">Entrepreneur Individuel \u2013 Designer graphique freelance<\/strong><br data-start=\"469\" data-end=\"472\" \/>SIREN : 889 093 084 00016<br data-start=\"502\" data-end=\"505\" \/>Adresse professionnelle : <b>&#8212;<\/b><br data-start=\"576\" data-end=\"579\" \/>E-mail : <strong data-start=\"588\" data-end=\"615\"><a class=\"decorated-link cursor-pointer\" href=\"mailto:contact@lucieradeau.com\" rel=\"noopener\" data-start=\"590\" data-end=\"613\">contact@lucieradeau.com<\/a><\/strong><\/p>\t\t\t\t\t\t\t\t<\/div>\n\t\t\t\t<\/div>\n\t\t\t\t<div class=\"elementor-element elementor-element-22be68b elementor-widget-divider--view-line elementor-widget elementor-widget-divider\" data-id=\"22be68b\" data-element_type=\"widget\" data-e-type=\"widget\" data-widget_type=\"divider.default\">\n\t\t\t\t<div class=\"elementor-widget-container\">\n\t\t\t\t\t\t\t<div class=\"elementor-divider\">\n\t\t\t<span class=\"elementor-divider-separator\">\n\t\t\t\t\t\t<\/span>\n\t\t<\/div>\n\t\t\t\t\t\t<\/div>\n\t\t\t\t<\/div>\n\t\t\t\t<\/div>\n\t\t<div class=\"elementor-element elementor-element-e42dca4 e-con-full e-flex wpr-particle-no wpr-jarallax-no wpr-parallax-no wpr-sticky-section-no e-con e-child\" data-id=\"e42dca4\" data-element_type=\"container\" data-e-type=\"container\">\n\t\t\t\t<div class=\"elementor-element elementor-element-89d9e1a elementor-widget elementor-widget-text-editor\" data-id=\"89d9e1a\" data-element_type=\"widget\" data-e-type=\"widget\" data-widget_type=\"text-editor.default\">\n\t\t\t\t<div class=\"elementor-widget-container\">\n\t\t\t\t\t\t\t\t\t<h3 data-start=\"622\" data-end=\"651\"><strong data-start=\"625\" data-end=\"651\">2. H\u00e9bergement du site<\/strong><\/h3><p data-start=\"236\" data-end=\"331\"><strong data-start=\"236\" data-end=\"252\">IONOS by 1&amp;1<\/strong><br data-start=\"252\" data-end=\"255\" \/>Adresse :<br data-start=\"264\" data-end=\"267\" \/>IONOS SARL<br data-start=\"277\" data-end=\"280\" \/>7 place de la Gare<br data-start=\"298\" data-end=\"301\" \/>57200 Sarreguemines \u2014 France<\/p><p data-start=\"333\" data-end=\"364\">Site web : <a class=\"decorated-link\" href=\"https:\/\/www.ionos.fr\" target=\"_new\" rel=\"noopener\" data-start=\"344\" data-end=\"364\">https:\/\/www.ionos.fr<\/a><\/p>\t\t\t\t\t\t\t\t<\/div>\n\t\t\t\t<\/div>\n\t\t\t\t<div class=\"elementor-element elementor-element-ccdb6a2 elementor-widget-divider--view-line elementor-widget elementor-widget-divider\" data-id=\"ccdb6a2\" data-element_type=\"widget\" data-e-type=\"widget\" data-widget_type=\"divider.default\">\n\t\t\t\t<div class=\"elementor-widget-container\">\n\t\t\t\t\t\t\t<div class=\"elementor-divider\">\n\t\t\t<span class=\"elementor-divider-separator\">\n\t\t\t\t\t\t<\/span>\n\t\t<\/div>\n\t\t\t\t\t\t<\/div>\n\t\t\t\t<\/div>\n\t\t\t\t<\/div>\n\t\t<div class=\"elementor-element elementor-element-66f6b2a e-con-full e-flex wpr-particle-no wpr-jarallax-no wpr-parallax-no wpr-sticky-section-no e-con e-child\" data-id=\"66f6b2a\" data-element_type=\"container\" data-e-type=\"container\">\n\t\t\t\t<div class=\"elementor-element elementor-element-4d8025b elementor-widget elementor-widget-text-editor\" data-id=\"4d8025b\" data-element_type=\"widget\" data-e-type=\"widget\" data-widget_type=\"text-editor.default\">\n\t\t\t\t<div class=\"elementor-widget-container\">\n\t\t\t\t\t\t\t\t\t<h3 data-start=\"838\" data-end=\"872\"><strong data-start=\"841\" data-end=\"872\">3. Propri\u00e9t\u00e9 intellectuelle<\/strong><\/h3><p data-start=\"874\" data-end=\"1221\">L\u2019ensemble du contenu du site, incluant notamment les textes, images, graphismes, logo, \u00e9l\u00e9ments de design et r\u00e9alisations, est la propri\u00e9t\u00e9 exclusive de <strong data-start=\"1028\" data-end=\"1044\">Lucie Radeau<\/strong>, sauf mentions contraires.<br data-start=\"1071\" data-end=\"1074\" \/>Toute reproduction, repr\u00e9sentation, modification ou utilisation, totale ou partielle, est strictement interdite sans autorisation \u00e9crite pr\u00e9alable.<\/p>\t\t\t\t\t\t\t\t<\/div>\n\t\t\t\t<\/div>\n\t\t\t\t<div class=\"elementor-element elementor-element-3e98c82 elementor-widget-divider--view-line elementor-widget elementor-widget-divider\" data-id=\"3e98c82\" data-element_type=\"widget\" data-e-type=\"widget\" data-widget_type=\"divider.default\">\n\t\t\t\t<div class=\"elementor-widget-container\">\n\t\t\t\t\t\t\t<div class=\"elementor-divider\">\n\t\t\t<span class=\"elementor-divider-separator\">\n\t\t\t\t\t\t<\/span>\n\t\t<\/div>\n\t\t\t\t\t\t<\/div>\n\t\t\t\t<\/div>\n\t\t\t\t<\/div>\n\t\t<div class=\"elementor-element elementor-element-a1826c0 e-con-full e-flex wpr-particle-no wpr-jarallax-no wpr-parallax-no wpr-sticky-section-no e-con e-child\" data-id=\"a1826c0\" data-element_type=\"container\" data-e-type=\"container\">\n\t\t\t\t<div class=\"elementor-element elementor-element-11dfde6 elementor-widget elementor-widget-text-editor\" data-id=\"11dfde6\" data-element_type=\"widget\" data-e-type=\"widget\" data-widget_type=\"text-editor.default\">\n\t\t\t\t<div class=\"elementor-widget-container\">\n\t\t\t\t\t\t\t\t\t<h3 data-start=\"1228\" data-end=\"1252\"><strong data-start=\"1231\" data-end=\"1252\">4. Responsabilit\u00e9<\/strong><\/h3><p data-start=\"1254\" data-end=\"1377\">Lucie Radeau s\u2019efforce de fournir des informations exactes et \u00e0 jour.<br data-start=\"1323\" data-end=\"1326\" \/>Cependant, elle ne saurait \u00eatre tenue responsable :<\/p><ul data-start=\"1379\" data-end=\"1552\"><li data-start=\"1379\" data-end=\"1421\"><p data-start=\"1381\" data-end=\"1421\">d\u2019erreurs, omissions ou inexactitudes,<\/p><\/li><li data-start=\"1422\" data-end=\"1492\"><p data-start=\"1424\" data-end=\"1492\">de probl\u00e8mes techniques rencontr\u00e9s sur le site ou ses partenaires,<\/p><\/li><li data-start=\"1493\" data-end=\"1552\"><p data-start=\"1495\" data-end=\"1552\">d\u2019un mauvais usage des contenus consult\u00e9s ou t\u00e9l\u00e9charg\u00e9s.<\/p><\/li><\/ul>\t\t\t\t\t\t\t\t<\/div>\n\t\t\t\t<\/div>\n\t\t\t\t<div class=\"elementor-element elementor-element-5782a9c elementor-widget-divider--view-line elementor-widget elementor-widget-divider\" data-id=\"5782a9c\" data-element_type=\"widget\" data-e-type=\"widget\" data-widget_type=\"divider.default\">\n\t\t\t\t<div class=\"elementor-widget-container\">\n\t\t\t\t\t\t\t<div class=\"elementor-divider\">\n\t\t\t<span class=\"elementor-divider-separator\">\n\t\t\t\t\t\t<\/span>\n\t\t<\/div>\n\t\t\t\t\t\t<\/div>\n\t\t\t\t<\/div>\n\t\t\t\t<\/div>\n\t\t<div class=\"elementor-element elementor-element-1ed5fe7 e-con-full e-flex wpr-particle-no wpr-jarallax-no wpr-parallax-no wpr-sticky-section-no e-con e-child\" data-id=\"1ed5fe7\" data-element_type=\"container\" data-e-type=\"container\">\n\t\t\t\t<div class=\"elementor-element elementor-element-864f85d elementor-widget elementor-widget-text-editor\" data-id=\"864f85d\" data-element_type=\"widget\" data-e-type=\"widget\" data-widget_type=\"text-editor.default\">\n\t\t\t\t<div class=\"elementor-widget-container\">\n\t\t\t\t\t\t\t\t\t<h3 data-start=\"1559\" data-end=\"1589\"><strong data-start=\"1562\" data-end=\"1589\">5. Donn\u00e9es personnelles<\/strong><\/h3><p data-start=\"1591\" data-end=\"1638\">Le site peut collecter des informations via :<\/p><ul data-start=\"1639\" data-end=\"1741\"><li data-start=\"1639\" data-end=\"1668\"><p data-start=\"1641\" data-end=\"1668\">le formulaire de contact,<\/p><\/li><li data-start=\"1669\" data-end=\"1694\"><p data-start=\"1671\" data-end=\"1694\">les demandes d\u2019audit,<\/p><\/li><li data-start=\"1695\" data-end=\"1741\"><p data-start=\"1697\" data-end=\"1741\">les outils d\u2019analyse de trafic (si activ\u00e9s).<\/p><\/li><\/ul><p data-start=\"1743\" data-end=\"1894\">Ces donn\u00e9es sont utilis\u00e9es uniquement pour r\u00e9pondre aux demandes et prises de contact.<br data-start=\"1829\" data-end=\"1832\" \/>Elles ne sont jamais transmises \u00e0 des tiers sans consentement.<\/p><p data-start=\"1896\" data-end=\"2057\">Conform\u00e9ment au RGPD, vous disposez d\u2019un droit d\u2019acc\u00e8s, de modification ou de suppression de vos donn\u00e9es.<br data-start=\"2001\" data-end=\"2004\" \/>Pour toute demande :<br data-start=\"2024\" data-end=\"2027\" \/>\ud83d\udce7 <strong data-start=\"2030\" data-end=\"2057\"><a class=\"decorated-link cursor-pointer\" href=\"mailto:contact@lucieradeau.com\" rel=\"noopener\" data-start=\"2032\" data-end=\"2055\">contact@lucieradeau.com<\/a><\/strong><\/p>\t\t\t\t\t\t\t\t<\/div>\n\t\t\t\t<\/div>\n\t\t\t\t<\/div>\n\t\t\t\t\t<\/div>\n\t\t\t\t<\/div>\n\t\t\t\t<\/div>","protected":false},"excerpt":{"rendered":"<p>Mentions l\u00e9gales 1. \u00c9diteur du site Le pr\u00e9sent site www.lucieradeau.com est \u00e9dit\u00e9 par : Lucie RadeauStatut : Entrepreneur Individuel \u2013 Designer graphique freelanceSIREN : 889 093 084 00016Adresse professionnelle : &#8212;E-mail : contact@lucieradeau.com 2. H\u00e9bergement du site IONOS by 1&amp;1Adresse :IONOS SARL7 place de la Gare57200 Sarreguemines \u2014 France Site web : https:\/\/www.ionos.fr 3. Propri\u00e9t\u00e9 intellectuelle L\u2019ensemble du contenu du site, incluant notamment les textes, images, graphismes, logo, \u00e9l\u00e9ments de design et r\u00e9alisations, est la propri\u00e9t\u00e9 exclusive de Lucie Radeau, sauf mentions contraires.Toute reproduction, repr\u00e9sentation, modification ou utilisation, totale ou partielle, est strictement interdite sans autorisation \u00e9crite pr\u00e9alable. 4. Responsabilit\u00e9 Lucie Radeau s\u2019efforce de fournir des informations exactes et \u00e0 jour.Cependant, elle ne saurait \u00eatre tenue responsable : d\u2019erreurs, omissions ou inexactitudes, de probl\u00e8mes techniques rencontr\u00e9s sur le site ou ses partenaires, d\u2019un mauvais usage des contenus consult\u00e9s ou t\u00e9l\u00e9charg\u00e9s. 5. Donn\u00e9es personnelles Le site peut collecter des informations via : le formulaire de contact, les demandes d\u2019audit, les outils d\u2019analyse de trafic (si activ\u00e9s). Ces donn\u00e9es sont utilis\u00e9es uniquement pour r\u00e9pondre aux demandes et prises de contact.Elles ne sont jamais transmises \u00e0 des tiers sans consentement. Conform\u00e9ment au RGPD, vous disposez d\u2019un droit d\u2019acc\u00e8s, de modification ou de suppression de vos donn\u00e9es.Pour toute demande :\ud83d\udce7 contact@lucieradeau.com<\/p>","protected":false},"author":1,"featured_media":0,"parent":0,"menu_order":0,"comment_status":"closed","ping_status":"closed","template":"elementor_header_footer","meta":{"footnotes":""},"class_list":["post-7501","page","type-page","status-publish","hentry"],"blocksy_meta":[],"_links":{"self":[{"href":"https:\/\/www.lucieradeau.com\/en\/wp-json\/wp\/v2\/pages\/7501","targetHints":{"allow":["GET"]}}],"collection":[{"href":"https:\/\/www.lucieradeau.com\/en\/wp-json\/wp\/v2\/pages"}],"about":[{"href":"https:\/\/www.lucieradeau.com\/en\/wp-json\/wp\/v2\/types\/page"}],"author":[{"embeddable":true,"href":"https:\/\/www.lucieradeau.com\/en\/wp-json\/wp\/v2\/users\/1"}],"replies":[{"embeddable":true,"href":"https:\/\/www.lucieradeau.com\/en\/wp-json\/wp\/v2\/comments?post=7501"}],"version-history":[{"count":13,"href":"https:\/\/www.lucieradeau.com\/en\/wp-json\/wp\/v2\/pages\/7501\/revisions"}],"predecessor-version":[{"id":7516,"href":"https:\/\/www.lucieradeau.com\/en\/wp-json\/wp\/v2\/pages\/7501\/revisions\/7516"}],"wp:attachment":[{"href":"https:\/\/www.lucieradeau.com\/en\/wp-json\/wp\/v2\/media?parent=7501"}],"curies":[{"name":"wp","href":"https:\/\/api.w.org\/{rel}","templated":true}]}}